{"id":491,"date":"2020-09-30T19:43:05","date_gmt":"2020-09-30T19:43:05","guid":{"rendered":"http:\/\/project-blanche.com\/versions-of-me\/"},"modified":"2026-01-25T16:56:51","modified_gmt":"2026-01-25T16:56:51","slug":"versions-of-me","status":"publish","type":"page","link":"https:\/\/project-blanche.com\/hu\/versions-of-me\/","title":{"rendered":"v\u00e1ltozataim"},"content":{"rendered":"\n<figure class=\"wp-block-image size-large\"><img loading=\"lazy\" decoding=\"async\" width=\"1024\" height=\"682\" src=\"http:\/\/project-blanche.com\/wp-content\/uploads\/2023\/10\/378384459_10228654271412931_2649765523171941590_n-1024x682.jpg\" alt=\"\" class=\"wp-image-1230\"\/><\/figure>\n\n\n\n<h3 class=\"wp-block-heading\">P\u00e9ter Szabina<\/h3>\n\n\n\n<p>1987-ben sz\u00fcletett \u00d3zdon,  audiovizu\u00e1lis m\u0171v\u00e9sz, fotogr\u00e1fus, eszt\u00e9ta. Jelenleg els\u0151sorban a multim\u00e9dia, az install\u00e1ci\u00f3s, fot\u00f3- \u00e9s vide\u00f3m\u0171v\u00e9szet, valamint az elektronikus zene ter\u00fclet\u00e9n alkot. 2020 \u00f3ta a <em>blanche the vidiot<\/em> \u00e9s a <em>dj goodbye<\/em> tagja. <\/p>\n\n\n\n<p>t\u00f6bb inf\u00f3: \/<a href=\"http:\/\/peterszabina.com\/\" data-type=\"URL\" data-id=\"http:\/\/peterszabina.com\/\">http:\/\/peterszabina.com\/<\/a><\/p>\n\n\n\n<p><a href=\"https:\/\/on.soundcloud.com\/BAoLm\">https:\/\/on.soundcloud.com\/BAoLm<\/a><\/p>\n\n\n\n<p><\/p>\n\n\n\n<h3 class=\"wp-block-heading\">Bodn\u00e1r J\u00e1nos Krist\u00f3f<\/h3>\n\n\n\n<p>1984-ben sz\u00fcletett Ny\u00edregyh\u00e1z\u00e1n, audiovizu\u00e1lis alkot\u00f3, hangm\u00e9rn\u00f6k, filoz\u00f3fus. Jelenleg f\u0151k\u00e9nt a vide\u00f3m\u0171v\u00e9szet \u00e9s az elektronikus zene \u00e9rdekli &#8211; ut\u00f3bbin bel\u00fcl legink\u00e1bb az anal\u00f3g \u00e9s digi\u00e1lis&nbsp;hangszint\u00e9zis \u00e1ll hozz\u00e1 k\u00f6zel. 2020 \u00f3ta a <em>blanche the vidiot <\/em>\u00e9s a<em> dj goodbye<\/em> tagja.<\/p>\n\n\n\n<p><a href=\"https:\/\/on.soundcloud.com\/BAoLm\">https:\/\/on.soundcloud.com\/BAoLm<\/a><\/p>\n\n\n\n<h2 class=\"wp-block-heading\">Tags\u00e1g: <\/h2>\n\n\n\n<p>2025, Magyar Filmm\u0171v\u00e9szek Sz\u00f6vets\u00e9ge<\/p>\n\n\n\n<h2 class=\"wp-block-heading\">D\u00edj: <\/h2>\n\n\n\n<p>2025, 44. Magyar Filmszemle, k\u00eds\u00e9rleti filmes kateg\u00f3ria k\u00fcl\u00f6nd\u00edj<\/p>\n\n\n\n<div class=\"wp-block-group\"><div class=\"wp-block-group__inner-container is-layout-flow wp-block-group-is-layout-flow\">\n<h2 class=\"wp-block-heading\">Ki\u00e1ll\u00edt\u00e1s: <\/h2>\n\n\n\n<p>2026, <em>blanche the vidiot: \u00e9l\u0151<\/em>, kur\u00e1tor: Sz\u00e9plaky Gerda, FUGA, Budapest<\/p>\n\n\n\n<p>2025,&nbsp;<em>30 \u00e9v \u2013 ArtColony Cered<\/em>, RE\u00d6K, Szeged<\/p>\n\n\n\n<p>2025, <em>United in Spirit &#8211; Art without Borders, 30 years of ArtColony Cered<\/em>, Neumarkt Artist Village, Ausztria<\/p>\n\n\n\n<p>2025\/2026, <em>Ghosts in the Machines<\/em> online and offline pavilion at The Wrong Biennale, curated by Matteo Campulla, Visualcontainer[.Box], Mil\u00e1n\u00f3, Olaszorsz\u00e1g<\/p>\n\n\n\n<p>2025\/2026, <em>Artificial Lines of Flight<\/em> online and offline pavilion at The Wrong Biennale, curated by Isil Ezgi Cel\u00edk, capitArt-X, London, UK<\/p>\n\n\n\n<p>2025\/2026, <em>Fragility in the Eye of the Beholder <\/em>online and offline pavilion at The Wrong Biennale, curated by Olesya Ilenok and Andrey Chugunov, Glasgow, Aberdeen, Sk\u00f3cia<\/p>\n\n\n\n<p>2025\/2026, <em>The Distance of The Blue<\/em> online pavilion at The Wrong Biennale, curated by Ping Ho<\/p>\n\n\n\n<p>2025\/2026, <em>AI ID<\/em> online pavilion at The Wrong Biennale, curated by Karolina Maliszewska<\/p>\n\n\n\n<p>2025, <em>Loop N\u00e9gyzet<\/em> shortlist, f|x|r gallery, M\u0171v\u00e9szetek H\u00e1za Veszpr\u00e9m<\/p>\n\n\n\n<p>2025,&nbsp;<em>rite x Cered<\/em>, Gallery 23, Cered<\/p>\n\n\n\n<p>2025, <em>Echoes: Memory<\/em>, Meno Parkas Gallery, Kaunas, Litv\u00e1nia<\/p>\n\n\n\n<p>2025, <em>blanche the vidiot &#8211; Palik Eszter: NORMA<\/em>, ART9 Gal\u00e9ria, Budapest<\/p>\n\n\n\n<p>2025, <em>blanche the vidiot: mi a baj? &#8211; kiterjesztett verzi\u00f3<\/em>, Dobozi 21, Budapest<\/p>\n\n\n\n<p>2024\/2025, <em>Tudatos M\u0171vek<\/em>, RE\u00d6K, Szeged, Magyarorsz\u00e1g<\/p>\n\n\n\n<p>2024, <em>\/\u02c8k\u00e6n\u0259b\u026as\/<\/em>, TOP e.V , Berlin, N\u00e9metorsz\u00e1g<\/p>\n\n\n\n<p>2024,&nbsp;<em>Melting Walls<\/em>, murmurcontemporary, Montreaux, Sv\u00e1jc<\/p>\n\n\n\n<p>2024,&nbsp;<em>LEUDHERO \/ BINNAR 2024<\/em>, Casa-Museu Soledade Malvar, Vila Nova de Famalic\u00e3o, Portug\u00e1lia<\/p>\n\n\n\n<p>2024,&nbsp;<em>Wunderkammer Cered<\/em>, Gallery \u201923, ArtComplex Cered, Cered, Magyarorsz\u00e1g<\/p>\n\n\n\n<p>2024, <em>Nature Exposed<\/em>, Millepiani Gallery, R\u00f3ma, Olaszorsz\u00e1g<\/p>\n\n\n\n<p>2024, <em>RE_THINK<\/em>, Koniare\u0148 Gallery, Trebi\u0161ov, Szlov\u00e1kia<\/p>\n\n\n\n<p>2024, <em>SITES&amp;ROOTES II<\/em>., ArtComplex, Gal\u00e9ria 23, Cered, Magyarorsz\u00e1g<\/p>\n\n\n\n<p>2024, <em>Wunderkammer Cered<\/em>, ArtColony Cered, ArtPiknik2024, Cered, Magyarorsz\u00e1g<\/p>\n\n\n\n<p>2024, S<em>ITES&amp;ROOTES<\/em>, Galeria Neon ASP Wroc\u0142aw, Lengyelorsz\u00e1g<\/p>\n\n\n\n<p>2024, <em>ecoSYNTH: from fungiverse to metaverse<\/em>, Vorspiel \/ transmediale &amp; CTM 2024, TOP e.V , Berlin, N\u00e9metorsz\u00e1g<\/p>\n\n\n\n<p>2024, <em>Maybe Fake&#8217;s What I Like!, Wrong Biennale n\u00b06<\/em><\/p>\n\n\n\n<p>2023, <em>Best of ArtColony Cered, <\/em>G18 Gallery, Zl\u00edn, Csehorsz\u00e1g<\/p>\n\n\n\n<p>2023 <em>Miami New Media Festival<\/em>, XVIII Edition, <em>Global Healing<\/em>, Miami, USA&nbsp;<\/p>\n\n\n\n<p>2023\/2024, <em>ANIMA Pavilion<\/em>, Wrong Biennale n\u00b06, 2023\/2024, C\u00fa R\u00fa Space, \u0110\u00e0 L\u1ea1t, Vietn\u00e1m&nbsp;<\/p>\n\n\n\n<p>2023\/2024, <em>Sensory Disconnection Pavilion<\/em>, Wrong Biennale n\u00b06&nbsp;<\/p>\n\n\n\n<p>2023\/2024, <em>Black Holes Pavilion<\/em>, Wrong Biennale n\u00b06&nbsp;<\/p>\n\n\n\n<p>2023\/2024, <em>Adam Meets Eve Pavilion<\/em>, Wrong Biennale n\u00b06&nbsp;<\/p>\n\n\n\n<p>2023\/2024, <em>Metatopia &#8211; Espa\u00e7os H\u00edbridos pavilion<\/em>, Aisthesis Lab, Wrong Biennale n\u00b06,&nbsp;<\/p>\n\n\n\n<p>2023\/2024, <em>Sirena Pavilion<\/em>, Wrong Biennale n\u00b06, #DUMPHAUS, Tokyo, Jap\u00e1n&nbsp;<\/p>\n\n\n\n<p>2023\/2024, <em>soro soro Pavilion<\/em>, Wrong Biennale n\u00b06&nbsp;<\/p>\n\n\n\n<p>2023\/2024, <em>Net art died but is doing well Pavilion<\/em>, Wrong Biennale n\u00b06,&nbsp;<\/p>\n\n\n\n<p>2023\/2024, <em>VerbicovoVirtual Pavilion<\/em>, Wrong Biennale n\u00b06&nbsp;<\/p>\n\n\n\n<p>2023,&nbsp;<em>Ceredi Kort\u00e1rs Nemzetk\u00f6zi M\u0171v\u00e9sztelep \u00e9s k\u00f6re<\/em>, \u00dajM\u0171hely Gal\u00e9ria, Szentendre<\/p>\n\n\n\n<p>2023, <em>Tabu<\/em>, ArtColony Cered, Cered<\/p>\n\n\n\n<p>2023, <em>F\u00fcrjesi Csaba: Agap\u00e9<\/em>, Salzburger Kunstverein, Salzburg, Ausztria<\/p>\n\n\n\n<p>2023, <em>Adapt\u00e9r x B\u00e1nkit\u00f3 | KI\u00c1LL\u00cdT\u00c1S<\/em>, Adapt\u00e9r, Budapest<\/p>\n\n\n\n<p>2023, <em>Art NFT Biennial, &#8222;The Catharsis of a Strange Prophecy&#8221;, Anamnesis and Ouroboros Pavillion<\/em>, Isztambul (Zorlu PSM), Berlin, New York, Amszterdam, P\u00e1rizs, London, Bogota, Ichinomiya (Japan), Br\u00fcsszel<\/p>\n\n\n\n<p>2022, <em>T\u00e1jm\u0171v\u00e9szet &#8211; Hagyj kreat\u00edv l\u00e1bnyomot!,<\/em> Budatower Gallery, M\u00e1ria Magdolna Torony, Budapest<\/p>\n\n\n\n<p>2022, <em>Civility Vs. Violence<\/em>, Miami New Media Festival, ArtToSaveLives Contemporary, USA, Miami<\/p>\n\n\n\n<p>2022, <em>SOUNDTEXT. Some Currents of Contemporary Poetry<\/em>, \u0160kuc Gallery, Szlov\u00e9nia, Ljubljana<\/p>\n\n\n\n<p>2022, <em>Art Colony. Cered 25+2<\/em>, Gal\u00e9ra FX, Szlov\u00e1kia, Beszterceb\u00e1nya<\/p>\n\n\n\n<p>2022, <em>Grote<\/em>szk, ArtPiknik Cered 3.0, ArtColony Cered, Cered<\/p>\n\n\n\n<p>2021-22, <em>ESSENCE \/ ABSENCE<\/em>, [ Pavillion of The Wrong Biennale n\u00b05]<\/p>\n\n\n\n<p>2022, &#8222;<em>We Are Joseph Beuys&#8221;,<\/em> CON-TEMPORARY&nbsp;Art Observatorium, Lavagna, Olaszorsz\u00e1g<\/p>\n\n\n\n<p>2022, <em>Freedom for free<\/em>, Millepiani Gallery, R\u00f3ma, Olaszorsz\u00e1g<\/p>\n\n\n\n<p>2021, <em>INTER<\/em>&#8211;<em>CERED<\/em>, Cered-Budapest-Vars\u00f3, Art Salon Contemporary, Budapest<\/p>\n\n\n\n<p>2021, <em>Folklore and traditions<\/em>, Millepiani Gallery, R\u00f3ma, Olaszorsz\u00e1g<\/p>\n\n\n\n<p>2021, Re-connect Art festival, Prague Biennale Projekt, Pr\u00e1ga, Csehorsz\u00e1g<\/p>\n\n\n\n<p>2021, <em>Hang\u00e1r, ArtPiknik 2.0 Cered<\/em>, ArtColony Cered, Cered<\/p>\n\n\n\n<p>2021, <em>\u00cdRMAG\/OFFSPRING<\/em> \u2013 T\u00f3th Kinga install\u00e1ci\u00f3ja, Sz\u00e9chenyi utca, Debrecen<\/p>\n\n\n\n<p>2020 <em>\u00c9let \u2013 Jelek<\/em>, MANK Gal\u00e9ria, Szentendre<\/p>\n\n\n\n<p>2020 <em>eco media art<\/em>, DIG gallery, Kassa, Szlov\u00e1kia<\/p>\n\n\n\n<p>2020 <em>eco media art<\/em>: when work of art is something inbetween, ArtColony Cered, Cered<\/p>\n\n\n\n<h2 class=\"wp-block-heading\">Vet\u00edt\u00e9s:<\/h2>\n\n\n\n<p>2026, <em>ecoSYNTH\u00b2 \u2014 Living Interfaces<\/em>, Vorspiel \/ transmediale &amp; CTM 2026, TOP e.V , Berlin, N\u00e9metorsz\u00e1g<\/p>\n\n\n\n<p>2026, <em>45<\/em>. Magyar Filmszemle, k\u00eds\u00e9rleti \u00e9s vide\u00f3klip versenykateg\u00f3ria, Corvin mozi, Budapest<\/p>\n\n\n\n<p>2026,&nbsp;<em>Live Soundtrack official selection<\/em>, Belgr\u00e1d, Szerbia<\/p>\n\n\n\n<p>2025,&nbsp;<em>Under Szubcult online<\/em>, 2025-12-19<\/p>\n\n\n\n<p>2025,&nbsp;<em>The 2st International Anarchist Fireplace Film and Video Festival<\/em>, Dobozi21, Budapest<\/p>\n\n\n\n<p>2025, <em>21. Feh\u00e9rv\u00e1szon F\u00fcggetlenfilm Fesztiv\u00e1l<\/em>, Sz\u00e9kesfeh\u00e9rv\u00e1r<\/p>\n\n\n\n<p>2025, <em>Resonant Ecologies<\/em>, Swiss Society for Acoustic Ecology, murmurcontemporary, Montreaux, Sv\u00e1jc<\/p>\n\n\n\n<p>2025, <em>29. Videomedeja Festival <\/em>competition program, Cultural Station Svilara, Novi Sad, Szerbia<\/p>\n\n\n\n<p>2025, <em>70. Orsz\u00e1gos F\u00fcggetlen Film Fesztiv\u00e1l<\/em> competition program, MAFSZ, Duna\u00fajv\u00e1ros <\/p>\n\n\n\n<p>2025,&nbsp;<em>ALC VideoArt Festival<\/em>, Museum of Contemporary Art of Alicante (MACA) \/ &nbsp;Gravina Museum of Fine Arts (MUBAG), Spanyolorsz\u00e1g<\/p>\n\n\n\n<p>2025, <em>Under Szubcult online<\/em>, 2025-09-19<\/p>\n\n\n\n<p>2025,&nbsp;<em>II.<\/em> <em>Celluloidra Revolverrel K\u00eds\u00e9rleti Filmfesztiv\u00e1l<\/em>, Kaleidoszk\u00f3p H\u00e1z, Esztergom<\/p>\n\n\n\n<p>2025,<em> Celluloidra Revolverrel K\u00eds\u00e9rleti Filmfesztiv\u00e1l<\/em>, Apoll\u00f3 Mozi, P\u00e9cs<\/p>\n\n\n\n<p>2025, <em>44. Magyar Filmszemle verseny kateg\u00f3ria (k\u00eds\u00e9rleti film)<\/em>, Corvin Mozi, Budapest<\/p>\n\n\n\n<p>2024,&nbsp;<em>The 1st International Anarchist Fireplace Film and Video Festival<\/em>, Dobozi21, Budapest<\/p>\n\n\n\n<p>2024, <em>I. Celluloidra Revolverrel K\u00eds\u00e9rleti Filmfesztiv\u00e1l \u00e9s Szakmai Konferencia<\/em>, Kaleidoszk\u00f3p H\u00e1z, Esztergom, Magyarorsz\u00e1g<\/p>\n\n\n\n<p>2024, <em>Technocene Digital<\/em> \/ <em>Metallisches Fest<\/em><strong>,&nbsp;<\/strong>Tempelhof Berlin, N\u00e9metorsz\u00e1g<\/p>\n\n\n\n<p>2024, <em>Under Szubcult online<\/em>, 2024-06-15<\/p>\n\n\n\n<p>2024, <em>Under Szubcult online<\/em>, 2024-05-18<\/p>\n\n\n\n<p>2024, <em>Electrical Jungle<\/em>, Collegium Hungaricum, Berlin, N\u00e9metorsz\u00e1g<\/p>\n\n\n\n<p>2024, <em>Filmetry &#8217;24,<\/em> POETICS OF CINEMA, Michigan, USA<\/p>\n\n\n\n<p>2024, <em>Nemb\u00e1j Fest Industrial \u00e9s Experimental Nemzetk\u00f6zi Tal\u00e1lkoz\u00f3<\/em>, H\u00e1rom Holl\u00f3, Budapest<\/p>\n\n\n\n<p>2024, <em>StAnza On Screen<\/em>, Scotland&#8217;s International Poetry Festival, Cupar, Sk\u00f3cia<\/p>\n\n\n\n<p>2023, <em>Alternative Film Video 2023<\/em>, \u00dajbelgr\u00e1d, Szerbia&nbsp;<\/p>\n\n\n\n<p>2023 <em>T\u00f3th Kinga: AnnaMaria sings\/singt\/\u00e9nekel \u2013 k\u00f6tetbemutat\u00f3<\/em>, MODEM, MadgaFeszt, Debrecen&nbsp;<\/p>\n\n\n\n<p>2023, <em>Mister Vorky Film Festival<\/em>, Ruma, Szerbia<\/p>\n\n\n\n<p>2023, <em>Vacations in the Subconscious<\/em>, Torrance Art Museum\/Alphabet Art Centre, Los Angeles\/Cologne<\/p>\n\n\n\n<p>2023, <em>Cadence Video Poetry Festival<\/em>, Northwest Film Forum, USA, Washington, Seattle&nbsp;<\/p>\n\n\n\n<p>2023, <em>Under Szubcult online<\/em>, 2023-03-11<\/p>\n\n\n\n<p>2023, <em>Zerbrechlichkeit<\/em>, ProArtiSt Productions, Vreden, N\u00e9metorsz\u00e1g<\/p>\n\n\n\n<p>2023, <em>Under Szubcult online<\/em>, 2023-01-28<\/p>\n\n\n\n<p>2023, V\u00cdZALATT\u00c9NEKELNI \/ SINGINGUNDERWATER, <em>\u00c1tl\u00e1tsz\u00f3 Hang Fesztiv\u00e1l  2023<\/em>, Budapest<\/p>\n\n\n\n<p>2022,&nbsp;<em>Bach \u2013 Tod \u2013 Tanz<\/em>, ProArtiSt Productions, Nordhausen Th\u00fcringen, N\u00e9metorsz\u00e1g<\/p>\n\n\n\n<p>2022, Saigon Experimental Film Festival IV., &#8221; Mama told me I&#8217;m experimental&#8221;,, Vietn\u00e1m<\/p>\n\n\n\n<p>2022, <em>Leap Off Page<\/em>, Veliko Tarnovo, Bulg\u00e1ria<\/p>\n\n\n\n<p>2022, <em>ZEBRA Poetry Film Festival<\/em>, Kulturbrauerei Berlin, N\u00e9metorsz\u00e1g, Berlin<\/p>\n\n\n\n<p>2022, <em>Under Szubcult online<\/em>, 2022-10-22<\/p>\n\n\n\n<p>2022, <em>Antropoc\u00e9n kil\u00e1t\u00e1sok konferencia<\/em>, Angol-Amerikai Int\u00e9zet, Debreceni Egyetem, Debrecen<\/p>\n\n\n\n<p>2022, <em>Light Year 90: ULTRA SHORTS and NFTs<\/em>, Leo Kuelbs Collection, New York-Toronto-Berlin<\/p>\n\n\n\n<p>2022, <em>06. Magyar Klipszemle<\/em>, Aquarium Club, Budapest<\/p>\n\n\n\n<p>2022, <em>Under Szubcult online<\/em>, 2022-09-03<\/p>\n\n\n\n<p>2022 <em>URBANSONICS<\/em>, www.coldbench.com<\/p>\n\n\n\n<p>2022, Under Szubcult online, 2022-05-21<\/p>\n\n\n\n<p>2021, 05. Magyar&nbsp;Klipszemle, Akv\u00e1rium, Budapest<\/p>\n\n\n\n<p>2021, 9th International Video Poetry Festival, Ath\u00e9n, G\u00f6r\u00f6gorsz\u00e1g<\/p>\n\n\n\n<h2 class=\"wp-block-heading\">Live act: <\/h2>\n\n\n\n<p>2025,&nbsp;<em>allegory of a cave<\/em>, <em><em>II. Celluloidra Revolver<\/em>rel K\u00eds\u00e9rleti Filmfesztiv\u00e1l \u00e9s Szakmai Konferencia<\/em>, Kaleidoszk\u00f3p H\u00e1z, Esztergom<\/p>\n\n\n\n<p>2025, <em>Made in Debrecen Fesztiv\u00e1l,<\/em> MODEM, Debrecen, Magyarorsz\u00e1g<\/p>\n\n\n\n<p>2024, <em>F\u0171szer Csemege feat. Jazzaj<\/em>, MODEM, Debrecen, Magyarorsz\u00e1g<\/p>\n\n\n\n<p>2024, <em>UH FEST 2024<\/em>, Turbina, Budapest, Magyarorsz\u00e1g<\/p>\n\n\n\n<p>2024, \u200d<em><em>I. Celluloidra Revolverrel K\u00eds\u00e9rleti Filmfesztiv\u00e1l \u00e9s Szakmai Konferencia<\/em>, <\/em>Kaleidoszk\u00f3p H\u00e1z, Esztergom<\/p>\n\n\n\n<p>2024, <em>VJ vet\u00edt\u00e9s<\/em> &#8211; <em>Kissz\u00e1nt\u00f3, DJ K + Jazzszigor<\/em>, F\u0171szer Csemege feat. Jazzaj, MODEM, Debrecen, Magyarorsz\u00e1g<\/p>\n\n\n\n<p>2024, <em>VJ vet\u00edt\u00e9s &#8211; Bolcs\u00f3-Gy\u00e1rf\u00e1s, Ohno!<\/em>, F\u0171szer Csemege feat. Jazzaj, MODEM<\/p>\n\n\n\n<p>2024, <em>Nemb\u00e1j Fest Industrial \u00e9s Experimental Nemzetk\u00f6zi Tal\u00e1lkoz\u00f3<\/em>, H\u00e1rom Holl\u00f3, Budapest<\/p>\n\n\n\n<p>2024, <em>Mellkas sz\u00fatra<\/em>, <em>Made in Debrecen Fesztiv\u00e1l<\/em>, MODEM, Debrecen<\/p>\n\n\n\n<p>2023, <em>noise vegetation<\/em>, <em>Made in Debrecen Fesztiv\u00e1l<\/em>, Debrecen<\/p>\n\n\n\n<p>2022, <em>Gyaloghaddal a csillag-lejt\u0151n<\/em>, M\u00fazeumok \u00e9jszak\u00e1ja, Kass\u00e1k M\u00fazeum, Budapest<\/p>\n\n\n\n<p>2022, Metropolis &#8211; hangbesz\u00e9dek, Aur\u00f3ra, Budapest<\/p>\n\n\n\n<h2 class=\"wp-block-heading\">Projekt: <\/h2>\n\n\n\n<p>2025,&nbsp;<em>Liber Novus 2.0<\/em>, AR projekt, kur\u00e1tor: Xristina Sarli, N\u00e9metorsz\u00e1g, Berlin<\/p>\n\n\n\n<p>2023, &#8216;<em>Ahogy a n\u0151k sz\u00f3lnak<\/em>&#8216;, Kass\u00e1k Kort\u00e1rs M\u0171v\u00e9szeti d\u00edj, finalista projekt T\u00f3th King\u00e1val \u00e9s Silvia Rosanival, Kass\u00e1k M\u00fazeum, Budapest<\/p>\n\n\n\n<p>2022, 2024, <em>\u2019Electrical jungle\u2019 <\/em>projekt T\u00f3th King\u00e1val \u00e9s Silvia Rosanival (Hannsmann\u2010Poethen\u2010Stipendium 2022), Theater Rampe, Stuttgart \/ Collegium Hungaricum, Berlin, N\u00e9metorsz\u00e1g<\/p>\n\n\n\n<p>2022, Szigligeti \u00d6sszm\u0171v\u00e9szeti Szimp\u00f3zium, Szigligeti Alkot\u00f3h\u00e1z, MANK Nonprofit Kft.<\/p>\n<\/div><\/div>\n","protected":false},"excerpt":{"rendered":"<p>P\u00e9ter Szabina 1987-ben sz\u00fcletett \u00d3zdon, audiovizu\u00e1lis m\u0171v\u00e9sz, fotogr\u00e1fus, eszt\u00e9ta. Jelenleg els\u0151sorban a multim\u00e9dia, az install\u00e1ci\u00f3s, fot\u00f3- \u00e9s vide\u00f3m\u0171v\u00e9szet, valamint az elektronikus zene ter\u00fclet\u00e9n alkot. 2020 \u00f3ta a blanche the vidiot \u00e9s a dj goodbye tagja. t\u00f6bb inf\u00f3: \/http:\/\/peterszabina.com\/ https:\/\/on.soundcloud.com\/BAoLm Bodn\u00e1r J\u00e1nos Krist\u00f3f 1984-ben sz\u00fcletett Ny\u00edregyh\u00e1z\u00e1n, audiovizu\u00e1lis alkot\u00f3, hangm\u00e9rn\u00f6k, filoz\u00f3fus. Jelenleg f\u0151k\u00e9nt a vide\u00f3m\u0171v\u00e9szet \u00e9s az<\/p>\n","protected":false},"author":1,"featured_media":0,"parent":0,"menu_order":0,"comment_status":"closed","ping_status":"closed","template":"","meta":{"footnotes":""},"class_list":["post-491","page","type-page","status-publish","hentry"],"jetpack_sharing_enabled":true,"_links":{"self":[{"href":"https:\/\/project-blanche.com\/hu\/wp-json\/wp\/v2\/pages\/491","targetHints":{"allow":["GET"]}}],"collection":[{"href":"https:\/\/project-blanche.com\/hu\/wp-json\/wp\/v2\/pages"}],"about":[{"href":"https:\/\/project-blanche.com\/hu\/wp-json\/wp\/v2\/types\/page"}],"author":[{"embeddable":true,"href":"https:\/\/project-blanche.com\/hu\/wp-json\/wp\/v2\/users\/1"}],"replies":[{"embeddable":true,"href":"https:\/\/project-blanche.com\/hu\/wp-json\/wp\/v2\/comments?post=491"}],"version-history":[{"count":75,"href":"https:\/\/project-blanche.com\/hu\/wp-json\/wp\/v2\/pages\/491\/revisions"}],"predecessor-version":[{"id":1710,"href":"https:\/\/project-blanche.com\/hu\/wp-json\/wp\/v2\/pages\/491\/revisions\/1710"}],"wp:attachment":[{"href":"https:\/\/project-blanche.com\/hu\/wp-json\/wp\/v2\/media?parent=491"}],"curies":[{"name":"wp","href":"https:\/\/api.w.org\/{rel}","templated":true}]}}