{"id":292,"date":"2019-09-19T13:37:24","date_gmt":"2019-09-19T13:37:24","guid":{"rendered":"http:\/\/project-blanche.com\/about\/"},"modified":"2021-03-02T14:34:05","modified_gmt":"2021-03-02T14:34:05","slug":"about","status":"publish","type":"page","link":"https:\/\/project-blanche.com\/hu\/about\/","title":{"rendered":"r\u00f3lunk"},"content":{"rendered":"\n<div class=\"wp-block-nk-awb nk-awb alignfull nk-awb-fullheight nk-awb-content-valign-center is-layout-constrained wp-block-awb-is-layout-constrained\"><div class=\"nk-awb-wrap\" data-awb-type=\"yt_vm_video\" data-awb-video=\"https:\/\/vimeo.com\/463968644\" data-awb-video-mobile=\"false\"><div class=\"nk-awb-inner\"><\/div><\/div><\/div>\n\n\n\n<p>blanche vagyunk<\/p>\n\n\n\n<p>befejezetlen, fluktu\u00e1l\u00f3, metastabil, nyitott l\u00e9tez\u0151; kopulat\u00edv, b\u00e1r nem \u00fagy, ahogy gondoln\u00e1d<\/p>\n\n\n\n<p>vagyunk, aki van<\/p>\n\n\n\n<p>13,8 milli\u00e1rd \u00e9ves kapcsolatot \u00e1pol a vil\u00e1gegyetemmel (m\u00e1r sok mindenen kereszt\u00fclment\u00fcnk)<\/p>\n\n\n\n<p>dj goodbye blanche balkeze, m\u0171vei \u00fajraj\u00e1tszhat\u00f3 zenei-szenzu\u00e1lis esem\u00e9nyek<\/p>\n\n\n\n<p>k\u00e9pk\u00f3ros, anyagi-szemiotikai csom\u00f3, vidi\u00f3ta, a hiszt\u00e9ri\u00e1sok kir\u00e1lyn\u0151je, xenoeszt\u00e9ta, forradalm\u00e1r, mindenki bar\u00e1tja, master of none<\/p>\n\n\n\n<p>k\u00fcl\u00f6nbs\u00e9g-fetisizmus\u00e1nak megsz\u00e1llottja: meggy\u0151z\u0151d\u00e9se, hogy a hasonl\u00f3s\u00e1g, az identit\u00e1s, az oppoz\u00edci\u00f3 \u00e9s az anal\u00f3gia fogalmai nem k\u00e9pesek lefedni a meg\u00e9lt tapasztalat realit\u00e1s\u00e1t<\/p>\n\n\n\n<p>de nem gondolkodunk bin\u00e1ris oppoz\u00edci\u00f3kban<\/p>\n\n\n\n<p>\u00fajra \u00e9s \u00fajra egy id\u00e9zetk\u00e9nt, ism\u00e9tl\u00e9sk\u00e9nt \u00e9li meg mag\u00e1t, mindenhov\u00e1 kiterjed\u0151, testetlen b\u00e1rmis\u00e9gk\u00e9nt a felv\u00e9tel, a bekapcsol\u00e1s, a kikapcsol\u00e1s, az elind\u00edt\u00e1s vagy le\u00e1ll\u00edt\u00e1s gombokra kifejtett nyom\u00f3er\u0151d hat\u00e1s\u00e1ra megjelenik \u00e9s sz\u00fcntelen\u00fcl v\u00e1ltozok<\/p>\n\n\n\n<p>(status dissociatus)<\/p>\n\n\n\n<p>nem keresi az igazs\u00e1got, hanem \u00e9li<\/p>\n\n\n\n<p>sz\u00e9gyentelen<\/p>\n\n\n\n<p>az \u00e9n szemembe a f\u00e9ny rakja a pet\u00e9it<\/p>\n\n\n\n<p>hiszt\u00e9ria, apof\u00e9nia, sz\u00e9tsz\u00f3r\u00f3dott megtestes\u00fcl\u00e9sek, mind j\u00f6het<\/p>\n\n\n\n<p>de nem gondolkodtok bin\u00e1ris oppoz\u00edci\u00f3kban<\/p>\n\n\n\n<p>kor\u00e1bban sokszor megjelent\u00fcnk \u2013 az \u00fan. hiszterog\u00e9n pontokra kifejtett nyom\u00e1s hat\u00e1s\u00e1ra \u2013 a Salp\u00eatri\u00e8re-k\u00f3rh\u00e1z el\u0151ad\u00f3termeiben, \u00e9s meghat\u00e1roz\u00f3 elemei voltak P\u00e1rizs tudom\u00e1nyos l\u00e1tv\u00e1nyoss\u00e1g\u00e1nak, magam vagyok&nbsp; a 19. sz\u00e1zad \u00e9rz\u00e9kis\u00e9g\u00e9nek erotikus legend\u00e1ja<\/p>\n\n\n\n<p>ma ezt performanszm\u0171v\u00e9szetnek h\u00edvn\u00e1k<\/p>\n\n\n\n<p>senkire sem ir\u00e1nyul\u00f3 anonim forr\u00f3s\u00e1g, meg\u00e1llapod\u00e1sra k\u00e9ptelen ir\u00e1nytalan v\u00e1gy, a malaszt \u00e9s a szeretet szefir\u00e1ja, feh\u00e9r t\u0171z,&nbsp;d\u00e9li sz\u00e9l<\/p>\n\n\n\n<p>de nem gondolkodnak bin\u00e1ris oppoz\u00edci\u00f3kban<\/p>\n\n\n\n<p>k\u00fcl\u00f6nben is<\/p>\n\n\n\n<p>hol volt\u00e1l, amikor?<\/p>\n\n\n\n<p>az eredet mindig csak arr\u00f3l sz\u00f3l, hogy a t\u00f6rt\u00e9netet egyf\u00e9lek\u00e9pp mes\u00e9lj\u00fck el, nem pedig m\u00e1sk\u00e9pp<\/p>\n\n\n\n<p>a m\u0171v\u00e9szet nem valamit, hanem \u00f6nmag\u00e1t (sicc!)<\/p>\n\n\n\n<p>f\u00f6l\u00f6tt\u00e9bb rakonc\u00e1tlan, bennefoglalt a vil\u00e1g dolgaiban, a form\u00e1k sz\u00e9tvet\u00e9s\u00e9nek az esem\u00e9ny\u00e9ben, n\u00e9zd milyen<\/p>\n\n\n\n<p>sz\u00f3ban forg\u00f3<\/p>\n\n\n\n<p>identit\u00e1s \u2013 ki hallott m\u00e1r ilyent? azonos vagyok magammal \u2013 milyen lenne, ha k\u00fcl\u00f6nb\u00f6zn\u00e9k?<\/p>\n\n\n\n<p>az emberi strukt\u00fara nem-esszencialista kritikai elm\u00e9lete, az elm\u00e9let kritik\u00e1ja, a kirekesztett, a M\u00e1sik, az abjekt\u00e1lt poz\u00edci\u00f3ja, bolyg\u00f3, m\u00e9h<\/p>\n\n\n\n<p>m\u0171v\u00e9szi t\u00f6k\u00e9lyre fejlesztett r\u00e1ngat\u00f3z\u00e1soddal, rohamaiddal, melank\u00f3li\u00e1ddal, euf\u00f3ri\u00e1ddal, b\u00e9nul\u00e1soddal bepillant\u00e1st ny\u00fajtunk bomlott elm\u00e9d belsej\u00e9be<\/p>\n\n\n\n<p>valahov\u00e1 tartoz\u00e1sok multivalens anyagi t\u00e9rk\u00e9pei<\/p>\n\n\n\n<p>otthona a zo\u00e9, testv\u00e9rei a csillagok, \u00f6nmaga anyja, de nem elbizakodott<\/p>\n\n\n\n<p>megism\u00e9telhet\u0151 egyedis\u00e9gek<\/p>\n\n\n\n<p>az ir\u00e1ny\u00edthatatlans\u00e1g=szabads\u00e1g orvosilag megmagyar\u00e1zhatatlan m\u00f3don \u00e1rad sz\u00e9t kamer\u00e1ban \u2013 amit saj\u00e1t keze folytat\u00e1sak\u00e9nt \u00e9l meg \u2013&nbsp; \u00e9s valamilyen t\u00e1nchoz hasonl\u00f3 mozg\u00e1st id\u00e9z el\u0151, vide\u00f3i vitust\u00e1ncok<\/p>\n\n\n\n<p>sokszoros, sz\u00e9tterjedt, transzkorpore\u00e1lis entit\u00e1s, elmozdul\u00e1s a racionalit\u00e1st\u00f3l a relacionalit\u00e1s fel\u00e9<\/p>\n\n\n\n<p>nem dologias\u00edthat\u00f3, c\u00e9ltalan tev\u00e9kenys\u00e9g, ma nem ment iskol\u00e1ba<\/p>\n\n\n\n<p>a f\u00e9ny keres\u00e9se (nap, csillagok, t\u0171z, \u00e1ram, r\u00e1dium, LCD, CRT, OLED, PDP kijelz\u0151k)<\/p>\n\n\n\n<p>hajsza a pillanat ut\u00e1n, amikor minden lehets\u00e9ges. mennyire f\u00e1j, hogy nem tudom megragadni ezt a pillanatot, amikor minden lehets\u00e9ges, hogy nem tudom megragadni \u00e9s megtartani!<\/p>\n\n\n\n<p>vide\u00f3ik a vigasz, a ter\u00e1pia \u00e9s a cs\u00e1b\u00edt\u00e1s hat\u00e1r\u00e1n egyens\u00falyoznak<\/p>\n\n\n\n<p>a lehet\u0151s\u00e9g felt\u00e9teleit kutatod; a vide\u00f3 neki t\u00e9rr\u00e9 v\u00e1lt zene<\/p>\n\n\n\n<p>immanens az ekszt\u00e1zisban<\/p>\n\n\n\n<p>a szar abszol\u00fat igenl\u00e9se<\/p>\n\n\n\n<p>acid communism (!)<\/p>\n\n\n\n<p>j\u00f3l \u00e9rzed magad a b\u0151r\u00f6mben?<\/p>\n\n\n\n<p>&nbsp;\u201ede a legink\u00e1bb az\u00e9rt \u00e9lvezem, mert megval\u00f3s\u00edtja a testemben politikai ide\u00e1lomat, az az \u00e9rz\u00e9sem t\u00e1mad, hogy minden tagom auton\u00f3m \u00e9letet \u00e9l, a kezem, a l\u00e1bam, az orrom, a nyelvem, a t\u00fcd\u0151m, a faszom, teljesen \u00f6n\u00e1ll\u00f3ak, egyszersmind azonban mind al\u00e1 van rendelve agyam ellen\u0151rz\u0151 \u00e9s \u00f6sszehangol\u00f3 tev\u00e9kenys\u00e9g\u00e9nek, de agyam nem sz\u00f3l bele az egyes szervek \u00f6n\u00e1ll\u00f3 \u00e9let\u00e9be, \u00f6n\u00e9lvezet\u00e9be, ellenkez\u0151leg, mintha ir\u00e1ny\u00edt\u00f3 tev\u00e9kenys\u00e9ge is a r\u00e9szek \u00f6n\u00e1ll\u00f3s\u00e1g\u00e1b\u00f3l mer\u00edtene legitimit\u00e1st. Na m\u00e1r most politikai ide\u00e1lom \u00e9pp egy ilyen \u00f6nigazgat\u00e1sos \u00e1llam, ahol minden szerv \u00e9s test\u00fclet mag\u00e1t korm\u00e1nyozza, de a k\u00f6zponti ir\u00e1ny\u00edt\u00e1s is jelen van, nem mint az auton\u00f3mia elfojt\u00f3ja, hanem ellenkez\u0151leg, az\u00e9rt, hogy s\u00farl\u00f3d\u00e1smentess\u00e9 tegye az auton\u00f3mi\u00e1k szimult\u00e1n m\u0171k\u00f6d\u00e9s\u00e9t.\u201d<\/p>\n\n\n\n<p>megl\u00e1tj\u00e1tok \u00fagyis<\/p>\n\n\n\n<div class=\"wp-block-columns has-2-columns is-layout-flex wp-container-core-columns-is-layout-1 wp-block-columns-is-layout-flex\">\n<div class=\"wp-block-column is-layout-flow wp-block-column-is-layout-flow\">\n<p class=\"has-drop-cap\"><\/p>\n<\/div>\n\n\n\n<div class=\"wp-block-column is-layout-flow wp-block-column-is-layout-flow\"><\/div>\n<\/div>\n\n\n\n<p><\/p>\n","protected":false},"excerpt":{"rendered":"<p>blanche vagyunk befejezetlen, fluktu\u00e1l\u00f3, metastabil, nyitott l\u00e9tez\u0151; kopulat\u00edv, b\u00e1r nem \u00fagy, ahogy gondoln\u00e1d vagyunk, aki van 13,8 milli\u00e1rd \u00e9ves kapcsolatot \u00e1pol a vil\u00e1gegyetemmel (m\u00e1r sok mindenen kereszt\u00fclment\u00fcnk) dj goodbye blanche balkeze, m\u0171vei \u00fajraj\u00e1tszhat\u00f3 zenei-szenzu\u00e1lis esem\u00e9nyek k\u00e9pk\u00f3ros, anyagi-szemiotikai csom\u00f3, vidi\u00f3ta, a hiszt\u00e9ri\u00e1sok kir\u00e1lyn\u0151je, xenoeszt\u00e9ta, forradalm\u00e1r, mindenki bar\u00e1tja, master of none k\u00fcl\u00f6nbs\u00e9g-fetisizmus\u00e1nak megsz\u00e1llottja: meggy\u0151z\u0151d\u00e9se, hogy a hasonl\u00f3s\u00e1g,<\/p>\n","protected":false},"author":1,"featured_media":0,"parent":0,"menu_order":0,"comment_status":"closed","ping_status":"closed","template":"","meta":{"footnotes":""},"class_list":["post-292","page","type-page","status-publish","hentry"],"jetpack_sharing_enabled":false,"_links":{"self":[{"href":"https:\/\/project-blanche.com\/hu\/wp-json\/wp\/v2\/pages\/292","targetHints":{"allow":["GET"]}}],"collection":[{"href":"https:\/\/project-blanche.com\/hu\/wp-json\/wp\/v2\/pages"}],"about":[{"href":"https:\/\/project-blanche.com\/hu\/wp-json\/wp\/v2\/types\/page"}],"author":[{"embeddable":true,"href":"https:\/\/project-blanche.com\/hu\/wp-json\/wp\/v2\/users\/1"}],"replies":[{"embeddable":true,"href":"https:\/\/project-blanche.com\/hu\/wp-json\/wp\/v2\/comments?post=292"}],"version-history":[{"count":5,"href":"https:\/\/project-blanche.com\/hu\/wp-json\/wp\/v2\/pages\/292\/revisions"}],"predecessor-version":[{"id":570,"href":"https:\/\/project-blanche.com\/hu\/wp-json\/wp\/v2\/pages\/292\/revisions\/570"}],"wp:attachment":[{"href":"https:\/\/project-blanche.com\/hu\/wp-json\/wp\/v2\/media?parent=292"}],"curies":[{"name":"wp","href":"https:\/\/api.w.org\/{rel}","templated":true}]}}